{"id":1466,"date":"2023-09-26T16:16:30","date_gmt":"2023-09-26T16:16:30","guid":{"rendered":"https:\/\/cliniqueentre-nous.ca\/home\/"},"modified":"2026-01-15T18:16:51","modified_gmt":"2026-01-15T18:16:51","slug":"home","status":"publish","type":"page","link":"https:\/\/cliniqueentre-nous.ca\/en\/","title":{"rendered":"Home"},"content":{"rendered":"\t\t<div data-elementor-type=\"wp-page\" data-elementor-id=\"1466\" class=\"elementor elementor-1466 elementor-601\" data-elementor-post-type=\"page\">\n\t\t\t\t<div class=\"elementor-element elementor-element-6e98fe3 e-con-full e-flex e-con e-parent\" data-id=\"6e98fe3\" data-element_type=\"container\" data-e-type=\"container\" data-settings=\"{&quot;background_background&quot;:&quot;classic&quot;,&quot;jet_parallax_layout_list&quot;:[]}\">\n\t\t<div class=\"elementor-element elementor-element-46002d8 e-flex e-con-boxed e-con e-child\" data-id=\"46002d8\" data-element_type=\"container\" data-e-type=\"container\" data-settings=\"{&quot;jet_parallax_layout_list&quot;:[]}\">\n\t\t\t\t\t<div class=\"e-con-inner\">\n\t\t\t\t<div class=\"elementor-element elementor-element-38bd936 elementor-widget elementor-widget-image\" data-id=\"38bd936\" data-element_type=\"widget\" data-e-type=\"widget\" data-widget_type=\"image.default\">\n\t\t\t\t<div class=\"elementor-widget-container\">\n\t\t\t\t\t\t\t\t\t\t\t\t\t\t\t<img fetchpriority=\"high\" decoding=\"async\" width=\"800\" height=\"275\" src=\"https:\/\/cliniqueentre-nous.ca\/wp-content\/uploads\/2020\/01\/Logo-horizon-1024x352.png\" class=\"attachment-large size-large wp-image-1317\" alt=\"\" srcset=\"https:\/\/cliniqueentre-nous.ca\/wp-content\/uploads\/2020\/01\/Logo-horizon-1024x352.png 1024w, https:\/\/cliniqueentre-nous.ca\/wp-content\/uploads\/2020\/01\/Logo-horizon-300x103.png 300w, https:\/\/cliniqueentre-nous.ca\/wp-content\/uploads\/2020\/01\/Logo-horizon-768x264.png 768w, https:\/\/cliniqueentre-nous.ca\/wp-content\/uploads\/2020\/01\/Logo-horizon.png 1500w\" sizes=\"(max-width: 800px) 100vw, 800px\" \/>\t\t\t\t\t\t\t\t\t\t\t\t\t\t\t<\/div>\n\t\t\t\t<\/div>\n\t\t\t\t<div class=\"elementor-element elementor-element-b5674a1 elementor-widget elementor-widget-wpml-language-switcher\" data-id=\"b5674a1\" data-element_type=\"widget\" data-e-type=\"widget\" data-widget_type=\"wpml-language-switcher.default\">\n\t\t\t\t<div class=\"elementor-widget-container\">\n\t\t\t\t\t<div class=\"wpml-elementor-ls\">\n<div role=\"navigation\" aria-label=\"Language Switcher\" class=\"wpml-ls-statics-shortcode_actions wpml-ls wpml-ls-legacy-list-horizontal\">\n\t<ul><li class=\"wpml-ls-slot-shortcode_actions wpml-ls-item wpml-ls-item-fr wpml-ls-first-item wpml-ls-item-legacy-list-horizontal\">\n\t\t\t\t<a href=\"https:\/\/cliniqueentre-nous.ca\/\" hreflang=\"fr\" lang=\"fr\" class=\"wpml-ls-link\" aria-label=\"Switch to Fran\u00e7ais\" title=\"Switch to Fran\u00e7ais\">\n\t\t\t\t\t<span class=\"wpml-ls-native\">Fran\u00e7ais<\/span><\/a>\n\t\t\t<\/li><li class=\"wpml-ls-slot-shortcode_actions wpml-ls-item wpml-ls-item-en wpml-ls-current-language wpml-ls-last-item wpml-ls-item-legacy-list-horizontal\">\n\t\t\t\t<a href=\"https:\/\/cliniqueentre-nous.ca\/en\/\" hreflang=\"en\" lang=\"en\" class=\"wpml-ls-link\" aria-current=\"page\" aria-label=\"Switch to English\" title=\"Switch to English\">\n\t\t\t\t\t<span class=\"wpml-ls-native\">English<\/span><\/a>\n\t\t\t<\/li><\/ul>\n<\/div>\n<\/div>\t\t\t\t<\/div>\n\t\t\t\t<\/div>\n\t\t\t\t<div class=\"elementor-element elementor-element-32149e7 elementor-widget elementor-widget-heading\" data-id=\"32149e7\" data-element_type=\"widget\" data-e-type=\"widget\" data-widget_type=\"heading.default\">\n\t\t\t\t<div class=\"elementor-widget-container\">\n\t\t\t\t\t<h1 class=\"elementor-heading-title elementor-size-default\">Choose your clinic<\/h1>\t\t\t\t<\/div>\n\t\t\t\t<\/div>\n\t\t<div class=\"elementor-element elementor-element-b00e92a e-flex e-con-boxed e-con e-child\" data-id=\"b00e92a\" data-element_type=\"container\" data-e-type=\"container\" data-settings=\"{&quot;jet_parallax_layout_list&quot;:[]}\">\n\t\t\t\t\t<div class=\"e-con-inner\">\n\t\t<div class=\"elementor-element elementor-element-59464ad e-flex e-con-boxed e-con e-child\" data-id=\"59464ad\" data-element_type=\"container\" data-e-type=\"container\" data-settings=\"{&quot;jet_parallax_layout_list&quot;:[]}\">\n\t\t\t\t\t<div class=\"e-con-inner\">\n\t\t\t\t<div class=\"elementor-element elementor-element-3425164 elementor-widget elementor-widget-image\" data-id=\"3425164\" data-element_type=\"widget\" data-e-type=\"widget\" data-widget_type=\"image.default\">\n\t\t\t\t<div class=\"elementor-widget-container\">\n\t\t\t\t\t\t\t\t\t\t\t\t\t\t\t\t<a href=\"https:\/\/cliniqueentre-nous.ca\/saint-jerome\/\">\n\t\t\t\t\t\t\t<img decoding=\"async\" width=\"800\" height=\"560\" src=\"https:\/\/cliniqueentre-nous.ca\/wp-content\/uploads\/2023\/03\/clinique-st-jerome.jpg\" class=\"attachment-large size-large wp-image-1365\" alt=\"\" srcset=\"https:\/\/cliniqueentre-nous.ca\/wp-content\/uploads\/2023\/03\/clinique-st-jerome.jpg 1000w, https:\/\/cliniqueentre-nous.ca\/wp-content\/uploads\/2023\/03\/clinique-st-jerome-300x210.jpg 300w, https:\/\/cliniqueentre-nous.ca\/wp-content\/uploads\/2023\/03\/clinique-st-jerome-768x538.jpg 768w\" sizes=\"(max-width: 800px) 100vw, 800px\" \/>\t\t\t\t\t\t\t\t<\/a>\n\t\t\t\t\t\t\t\t\t\t\t\t\t\t\t<\/div>\n\t\t\t\t<\/div>\n\t\t<div class=\"elementor-element elementor-element-5c19060 e-flex e-con-boxed e-con e-child\" data-id=\"5c19060\" data-element_type=\"container\" data-e-type=\"container\" data-settings=\"{&quot;jet_parallax_layout_list&quot;:[]}\">\n\t\t\t\t\t<div class=\"e-con-inner\">\n\t\t\t\t<div class=\"elementor-element elementor-element-fd94e12 elementor-widget elementor-widget-heading\" data-id=\"fd94e12\" data-element_type=\"widget\" data-e-type=\"widget\" data-widget_type=\"heading.default\">\n\t\t\t\t<div class=\"elementor-widget-container\">\n\t\t\t\t\t<h5 class=\"elementor-heading-title elementor-size-default\">Saint-J\u00e9r\u00f4me<\/h5>\t\t\t\t<\/div>\n\t\t\t\t<\/div>\n\t\t\t\t\t<\/div>\n\t\t\t\t<\/div>\n\t\t\t\t<div class=\"elementor-element elementor-element-eb52fac elementor-widget elementor-widget-heading\" data-id=\"eb52fac\" data-element_type=\"widget\" data-e-type=\"widget\" data-widget_type=\"heading.default\">\n\t\t\t\t<div class=\"elementor-widget-container\">\n\t\t\t\t\t<h6 class=\"elementor-heading-title elementor-size-default\">200 Durand Suite 212 Saint-J\u00e9r\u00f4me, QC J7Z 7E2<\/h6>\t\t\t\t<\/div>\n\t\t\t\t<\/div>\n\t\t\t\t<div class=\"elementor-element elementor-element-600c9fc elementor-widget elementor-widget-heading\" data-id=\"600c9fc\" data-element_type=\"widget\" data-e-type=\"widget\" data-widget_type=\"heading.default\">\n\t\t\t\t<div class=\"elementor-widget-container\">\n\t\t\t\t\t<h2 class=\"elementor-heading-title elementor-size-default\">Our services<\/h2>\t\t\t\t<\/div>\n\t\t\t\t<\/div>\n\t\t\t\t<div class=\"elementor-element elementor-element-32ae4fc elementor-icon-list--layout-traditional elementor-list-item-link-full_width elementor-widget elementor-widget-icon-list\" data-id=\"32ae4fc\" data-element_type=\"widget\" data-e-type=\"widget\" data-widget_type=\"icon-list.default\">\n\t\t\t\t<div class=\"elementor-widget-container\">\n\t\t\t\t\t\t\t<ul class=\"elementor-icon-list-items\">\n\t\t\t\t\t\t\t<li class=\"elementor-icon-list-item\">\n\t\t\t\t\t\t\t\t\t\t\t<a href=\"https:\/\/cliniqueentre-nous.ca\/saint-jerome\/services-offerts\/services-individuels-et-familiaux\/\">\n\n\t\t\t\t\t\t\t\t\t\t\t\t<span class=\"elementor-icon-list-icon\">\n\t\t\t\t\t\t\t<i aria-hidden=\"true\" class=\"fas fa-chevron-right\"><\/i>\t\t\t\t\t\t<\/span>\n\t\t\t\t\t\t\t\t\t\t<span class=\"elementor-icon-list-text\">Individual and family services<\/span>\n\t\t\t\t\t\t\t\t\t\t\t<\/a>\n\t\t\t\t\t\t\t\t\t<\/li>\n\t\t\t\t\t\t\t\t<li class=\"elementor-icon-list-item\">\n\t\t\t\t\t\t\t\t\t\t\t<a href=\"https:\/\/cliniqueentre-nous.ca\/saint-jerome\/services-offerts\/stimulation-du-developpement\/\">\n\n\t\t\t\t\t\t\t\t\t\t\t\t<span class=\"elementor-icon-list-icon\">\n\t\t\t\t\t\t\t<i aria-hidden=\"true\" class=\"fas fa-chevron-right\"><\/i>\t\t\t\t\t\t<\/span>\n\t\t\t\t\t\t\t\t\t\t<span class=\"elementor-icon-list-text\">Stimulation services<\/span>\n\t\t\t\t\t\t\t\t\t\t\t<\/a>\n\t\t\t\t\t\t\t\t\t<\/li>\n\t\t\t\t\t\t\t\t<li class=\"elementor-icon-list-item\">\n\t\t\t\t\t\t\t\t\t\t\t<a href=\"https:\/\/cliniqueentre-nous.ca\/saint-jerome\/services-offerts\/ateliers-de-groupe\/\">\n\n\t\t\t\t\t\t\t\t\t\t\t\t<span class=\"elementor-icon-list-icon\">\n\t\t\t\t\t\t\t<i aria-hidden=\"true\" class=\"fas fa-chevron-right\"><\/i>\t\t\t\t\t\t<\/span>\n\t\t\t\t\t\t\t\t\t\t<span class=\"elementor-icon-list-text\">Group workshops<\/span>\n\t\t\t\t\t\t\t\t\t\t\t<\/a>\n\t\t\t\t\t\t\t\t\t<\/li>\n\t\t\t\t\t\t\t\t<li class=\"elementor-icon-list-item\">\n\t\t\t\t\t\t\t\t\t\t\t<a href=\"https:\/\/cliniqueentre-nous.ca\/saint-jerome\/services-offerts\/services-offerts-en-ecoles-cpe-et-rsgmf\/\">\n\n\t\t\t\t\t\t\t\t\t\t\t\t<span class=\"elementor-icon-list-icon\">\n\t\t\t\t\t\t\t<i aria-hidden=\"true\" class=\"fas fa-chevron-right\"><\/i>\t\t\t\t\t\t<\/span>\n\t\t\t\t\t\t\t\t\t\t<span class=\"elementor-icon-list-text\">Services offered in schools, CPEs and RSGMFs<\/span>\n\t\t\t\t\t\t\t\t\t\t\t<\/a>\n\t\t\t\t\t\t\t\t\t<\/li>\n\t\t\t\t\t\t<\/ul>\n\t\t\t\t\t\t<\/div>\n\t\t\t\t<\/div>\n\t\t<div class=\"elementor-element elementor-element-2519806 e-flex e-con-boxed e-con e-child\" data-id=\"2519806\" data-element_type=\"container\" data-e-type=\"container\" data-settings=\"{&quot;jet_parallax_layout_list&quot;:[]}\">\n\t\t\t\t\t<div class=\"e-con-inner\">\n\t\t\t\t<div class=\"elementor-element elementor-element-1088828 elementor-align-center elementor-widget elementor-widget-button\" data-id=\"1088828\" data-element_type=\"widget\" data-e-type=\"widget\" data-widget_type=\"button.default\">\n\t\t\t\t<div class=\"elementor-widget-container\">\n\t\t\t\t\t\t\t\t\t<div class=\"elementor-button-wrapper\">\n\t\t\t\t\t<a class=\"elementor-button elementor-button-link elementor-size-sm\" href=\"https:\/\/cliniqueentre-nous.ca\/en\/saint-jerome\/\">\n\t\t\t\t\t\t<span class=\"elementor-button-content-wrapper\">\n\t\t\t\t\t\t\t\t\t<span class=\"elementor-button-text\">Visit this clinic page<\/span>\n\t\t\t\t\t<\/span>\n\t\t\t\t\t<\/a>\n\t\t\t\t<\/div>\n\t\t\t\t\t\t\t\t<\/div>\n\t\t\t\t<\/div>\n\t\t\t\t\t<\/div>\n\t\t\t\t<\/div>\n\t\t\t\t\t<\/div>\n\t\t\t\t<\/div>\n\t\t<div class=\"elementor-element elementor-element-130b840 e-flex e-con-boxed e-con e-child\" data-id=\"130b840\" data-element_type=\"container\" data-e-type=\"container\" data-settings=\"{&quot;jet_parallax_layout_list&quot;:[]}\">\n\t\t\t\t\t<div class=\"e-con-inner\">\n\t\t\t\t<div class=\"elementor-element elementor-element-5f400b9 elementor-widget elementor-widget-image\" data-id=\"5f400b9\" data-element_type=\"widget\" data-e-type=\"widget\" data-widget_type=\"image.default\">\n\t\t\t\t<div class=\"elementor-widget-container\">\n\t\t\t\t\t\t\t\t\t\t\t\t\t\t\t\t<a href=\"https:\/\/cliniqueentre-nous.ca\/quebec\/\">\n\t\t\t\t\t\t\t<img decoding=\"async\" width=\"800\" height=\"560\" src=\"https:\/\/cliniqueentre-nous.ca\/wp-content\/uploads\/2023\/03\/clinique-quebec.jpg\" class=\"attachment-large size-large wp-image-1364\" alt=\"\" srcset=\"https:\/\/cliniqueentre-nous.ca\/wp-content\/uploads\/2023\/03\/clinique-quebec.jpg 1000w, https:\/\/cliniqueentre-nous.ca\/wp-content\/uploads\/2023\/03\/clinique-quebec-300x210.jpg 300w, https:\/\/cliniqueentre-nous.ca\/wp-content\/uploads\/2023\/03\/clinique-quebec-768x538.jpg 768w\" sizes=\"(max-width: 800px) 100vw, 800px\" \/>\t\t\t\t\t\t\t\t<\/a>\n\t\t\t\t\t\t\t\t\t\t\t\t\t\t\t<\/div>\n\t\t\t\t<\/div>\n\t\t\t\t<div class=\"elementor-element elementor-element-19dadab elementor-widget elementor-widget-heading\" data-id=\"19dadab\" data-element_type=\"widget\" data-e-type=\"widget\" data-widget_type=\"heading.default\">\n\t\t\t\t<div class=\"elementor-widget-container\">\n\t\t\t\t\t<h5 class=\"elementor-heading-title elementor-size-default\">Quebec<\/h5>\t\t\t\t<\/div>\n\t\t\t\t<\/div>\n\t\t\t\t<div class=\"elementor-element elementor-element-cd02a1c elementor-widget elementor-widget-heading\" data-id=\"cd02a1c\" data-element_type=\"widget\" data-e-type=\"widget\" data-widget_type=\"heading.default\">\n\t\t\t\t<div class=\"elementor-widget-container\">\n\t\t\t\t\t<h6 class=\"elementor-heading-title elementor-size-default\">1173 boul. Charest Ouest, Qu\u00e9bec, Qu\u00e9bec, G1N 2C9<br>Suite 250-4\/250-6\/250-7<\/h6>\t\t\t\t<\/div>\n\t\t\t\t<\/div>\n\t\t\t\t<div class=\"elementor-element elementor-element-23e3f3f elementor-widget elementor-widget-heading\" data-id=\"23e3f3f\" data-element_type=\"widget\" data-e-type=\"widget\" data-widget_type=\"heading.default\">\n\t\t\t\t<div class=\"elementor-widget-container\">\n\t\t\t\t\t<h2 class=\"elementor-heading-title elementor-size-default\">Our services<\/h2>\t\t\t\t<\/div>\n\t\t\t\t<\/div>\n\t\t\t\t<div class=\"elementor-element elementor-element-8b1ae39 elementor-icon-list--layout-traditional elementor-list-item-link-full_width elementor-widget elementor-widget-icon-list\" data-id=\"8b1ae39\" data-element_type=\"widget\" data-e-type=\"widget\" data-widget_type=\"icon-list.default\">\n\t\t\t\t<div class=\"elementor-widget-container\">\n\t\t\t\t\t\t\t<ul class=\"elementor-icon-list-items\">\n\t\t\t\t\t\t\t<li class=\"elementor-icon-list-item\">\n\t\t\t\t\t\t\t\t\t\t\t<span class=\"elementor-icon-list-icon\">\n\t\t\t\t\t\t\t<i aria-hidden=\"true\" class=\"fas fa-chevron-right\"><\/i>\t\t\t\t\t\t<\/span>\n\t\t\t\t\t\t\t\t\t\t<span class=\"elementor-icon-list-text\">Psychoeducation<\/span>\n\t\t\t\t\t\t\t\t\t<\/li>\n\t\t\t\t\t\t\t\t<li class=\"elementor-icon-list-item\">\n\t\t\t\t\t\t\t\t\t\t\t<span class=\"elementor-icon-list-icon\">\n\t\t\t\t\t\t\t<i aria-hidden=\"true\" class=\"fas fa-chevron-right\"><\/i>\t\t\t\t\t\t<\/span>\n\t\t\t\t\t\t\t\t\t\t<span class=\"elementor-icon-list-text\">Social intervention \/ Psychological support<\/span>\n\t\t\t\t\t\t\t\t\t<\/li>\n\t\t\t\t\t\t\t\t<li class=\"elementor-icon-list-item\">\n\t\t\t\t\t\t\t\t\t\t\t<span class=\"elementor-icon-list-icon\">\n\t\t\t\t\t\t\t<i aria-hidden=\"true\" class=\"fas fa-chevron-right\"><\/i>\t\t\t\t\t\t<\/span>\n\t\t\t\t\t\t\t\t\t\t<span class=\"elementor-icon-list-text\">Special education service<\/span>\n\t\t\t\t\t\t\t\t\t<\/li>\n\t\t\t\t\t\t\t\t<li class=\"elementor-icon-list-item\">\n\t\t\t\t\t\t\t\t\t\t\t<span class=\"elementor-icon-list-icon\">\n\t\t\t\t\t\t\t<i aria-hidden=\"true\" class=\"fas fa-chevron-right\"><\/i>\t\t\t\t\t\t<\/span>\n\t\t\t\t\t\t\t\t\t\t<span class=\"elementor-icon-list-text\">Support and information group<\/span>\n\t\t\t\t\t\t\t\t\t<\/li>\n\t\t\t\t\t\t<\/ul>\n\t\t\t\t\t\t<\/div>\n\t\t\t\t<\/div>\n\t\t<div class=\"elementor-element elementor-element-c761d08 e-flex e-con-boxed e-con e-child\" data-id=\"c761d08\" data-element_type=\"container\" data-e-type=\"container\" data-settings=\"{&quot;jet_parallax_layout_list&quot;:[]}\">\n\t\t\t\t\t<div class=\"e-con-inner\">\n\t\t\t\t<div class=\"elementor-element elementor-element-05b0e55 elementor-align-center elementor-widget elementor-widget-button\" data-id=\"05b0e55\" data-element_type=\"widget\" data-e-type=\"widget\" data-widget_type=\"button.default\">\n\t\t\t\t<div class=\"elementor-widget-container\">\n\t\t\t\t\t\t\t\t\t<div class=\"elementor-button-wrapper\">\n\t\t\t\t\t<a class=\"elementor-button elementor-button-link elementor-size-sm\" href=\"https:\/\/cliniqueentre-nous.ca\/en\/quebec\/\">\n\t\t\t\t\t\t<span class=\"elementor-button-content-wrapper\">\n\t\t\t\t\t\t\t\t\t<span class=\"elementor-button-text\">Visit this clinic page<\/span>\n\t\t\t\t\t<\/span>\n\t\t\t\t\t<\/a>\n\t\t\t\t<\/div>\n\t\t\t\t\t\t\t\t<\/div>\n\t\t\t\t<\/div>\n\t\t\t\t\t<\/div>\n\t\t\t\t<\/div>\n\t\t\t\t\t<\/div>\n\t\t\t\t<\/div>\n\t\t\t\t\t<\/div>\n\t\t\t\t<\/div>\n\t\t\t\t\t<\/div>\n\t\t\t\t<\/div>\n\t\t<div class=\"elementor-element elementor-element-06149b7 e-con-full e-flex e-con e-child\" data-id=\"06149b7\" data-element_type=\"container\" data-e-type=\"container\" data-settings=\"{&quot;jet_parallax_layout_list&quot;:[],&quot;background_background&quot;:&quot;classic&quot;}\">\n\t\t<div class=\"elementor-element elementor-element-aa59737 e-con-full e-flex e-con e-child\" data-id=\"aa59737\" data-element_type=\"container\" data-e-type=\"container\" data-settings=\"{&quot;background_background&quot;:&quot;classic&quot;,&quot;jet_parallax_layout_list&quot;:[]}\">\n\t\t\t\t<div class=\"elementor-element elementor-element-390a3f2 elementor-widget elementor-widget-heading\" data-id=\"390a3f2\" data-element_type=\"widget\" data-e-type=\"widget\" data-widget_type=\"heading.default\">\n\t\t\t\t<div class=\"elementor-widget-container\">\n\t\t\t\t\t<h5 class=\"elementor-heading-title elementor-size-default\">Clinique Entre-nous complies with Bill 25<\/h5>\t\t\t\t<\/div>\n\t\t\t\t<\/div>\n\t\t\t\t<div class=\"elementor-element elementor-element-0e7d533 elementor-align-center elementor-widget elementor-widget-button\" data-id=\"0e7d533\" data-element_type=\"widget\" data-e-type=\"widget\" data-widget_type=\"button.default\">\n\t\t\t\t<div class=\"elementor-widget-container\">\n\t\t\t\t\t\t\t\t\t<div class=\"elementor-button-wrapper\">\n\t\t\t\t\t<a class=\"elementor-button elementor-button-link elementor-size-sm\" href=\"https:\/\/cliniqueentre-nous.ca\/en\/privacy-policy-and-protection-of-personal-information\/\">\n\t\t\t\t\t\t<span class=\"elementor-button-content-wrapper\">\n\t\t\t\t\t\t\t\t\t<span class=\"elementor-button-text\">Read more<\/span>\n\t\t\t\t\t<\/span>\n\t\t\t\t\t<\/a>\n\t\t\t\t<\/div>\n\t\t\t\t\t\t\t\t<\/div>\n\t\t\t\t<\/div>\n\t\t\t\t<\/div>\n\t\t\t\t<\/div>\n\t\t\t\t<\/div>\n\t\t\t\t<\/div>\n\t\t","protected":false},"excerpt":{"rendered":"<p>Fran\u00e7ais English Choose your clinic Saint-J\u00e9r\u00f4me 200 Durand Suite 212 Saint-J\u00e9r\u00f4me, QC J7Z 7E2 Our services Individual and family services Stimulation services Group workshops Services offered in schools, CPEs and RSGMFs Visit this clinic page Quebec 1173 boul. Charest Ouest, Qu\u00e9bec, Qu\u00e9bec, G1N 2C9Suite 250-4\/250-6\/250-7 Our services Psychoeducation Social intervention \/ Psychological support Special education [&hellip;]<\/p>\n","protected":false},"author":1,"featured_media":1771,"parent":0,"menu_order":0,"comment_status":"closed","ping_status":"closed","template":"elementor_canvas","meta":{"footnotes":""},"class_list":["post-1466","page","type-page","status-publish","has-post-thumbnail","hentry"],"yoast_head":"<!-- This site is optimized with the Yoast SEO Premium plugin v27.2 (Yoast SEO v27.2) - https:\/\/yoast.com\/product\/yoast-seo-premium-wordpress\/ -->\n<title>Home - Clinique Entre-Nous<\/title>\n<meta name=\"robots\" content=\"index, follow, max-snippet:-1, max-image-preview:large, max-video-preview:-1\" \/>\n<link rel=\"canonical\" href=\"https:\/\/cliniqueentre-nous.ca\/en\/\" \/>\n<meta property=\"og:locale\" content=\"en_US\" \/>\n<meta property=\"og:type\" content=\"article\" \/>\n<meta property=\"og:title\" content=\"Clinique Entre-nous - Home\" \/>\n<meta property=\"og:description\" content=\"Fran\u00e7ais English Choose your clinic Saint-J\u00e9r\u00f4me 200 Durand Suite 212 Saint-J\u00e9r\u00f4me, QC J7Z 7E2 Our services Individual and family services Stimulation services Group workshops Services offered in schools, CPEs and RSGMFs Visit this clinic page Quebec 1173 boul. Charest Ouest, Qu\u00e9bec, Qu\u00e9bec, G1N 2C9Suite 250-4\/250-6\/250-7 Our services Psychoeducation Social intervention \/ Psychological support Special education [&hellip;]\" \/>\n<meta property=\"og:url\" content=\"https:\/\/cliniqueentre-nous.ca\/en\/\" \/>\n<meta property=\"og:site_name\" content=\"Clinique Entre-Nous\" \/>\n<meta property=\"article:modified_time\" content=\"2026-01-15T18:16:51+00:00\" \/>\n<meta property=\"og:image\" content=\"https:\/\/cliniqueentre-nous.ca\/wp-content\/uploads\/2024\/08\/yoast-cen-facebook.webp\" \/>\n<meta name=\"twitter:card\" content=\"summary_large_image\" \/>\n<meta name=\"twitter:title\" content=\"Clinique Entre-nous - Home\" \/>\n<script type=\"application\/ld+json\" class=\"yoast-schema-graph\">{\"@context\":\"https:\/\/schema.org\",\"@graph\":[{\"@type\":\"WebPage\",\"@id\":\"https:\/\/cliniqueentre-nous.ca\/en\/\",\"url\":\"https:\/\/cliniqueentre-nous.ca\/en\/\",\"name\":\"Home - Clinique Entre-Nous\",\"isPartOf\":{\"@id\":\"https:\/\/cliniqueentre-nous.ca\/en\/#website\"},\"primaryImageOfPage\":{\"@id\":\"https:\/\/cliniqueentre-nous.ca\/en\/#primaryimage\"},\"image\":{\"@id\":\"https:\/\/cliniqueentre-nous.ca\/en\/#primaryimage\"},\"thumbnailUrl\":\"https:\/\/cliniqueentre-nous.ca\/wp-content\/uploads\/2024\/08\/logo-facicon.webp\",\"datePublished\":\"2023-09-26T16:16:30+00:00\",\"dateModified\":\"2026-01-15T18:16:51+00:00\",\"breadcrumb\":{\"@id\":\"https:\/\/cliniqueentre-nous.ca\/en\/#breadcrumb\"},\"inLanguage\":\"en-US\",\"potentialAction\":[{\"@type\":\"ReadAction\",\"target\":[\"https:\/\/cliniqueentre-nous.ca\/en\/\"]}]},{\"@type\":\"ImageObject\",\"inLanguage\":\"en-US\",\"@id\":\"https:\/\/cliniqueentre-nous.ca\/en\/#primaryimage\",\"url\":\"https:\/\/cliniqueentre-nous.ca\/wp-content\/uploads\/2024\/08\/logo-facicon.webp\",\"contentUrl\":\"https:\/\/cliniqueentre-nous.ca\/wp-content\/uploads\/2024\/08\/logo-facicon.webp\",\"width\":2000,\"height\":2000},{\"@type\":\"BreadcrumbList\",\"@id\":\"https:\/\/cliniqueentre-nous.ca\/en\/#breadcrumb\",\"itemListElement\":[{\"@type\":\"ListItem\",\"position\":1,\"name\":\"Home\",\"item\":\"https:\/\/cliniqueentre-nous.ca\/en\/home\/\"},{\"@type\":\"ListItem\",\"position\":2,\"name\":\"Home\"}]},{\"@type\":\"WebSite\",\"@id\":\"https:\/\/cliniqueentre-nous.ca\/en\/#website\",\"url\":\"https:\/\/cliniqueentre-nous.ca\/en\/\",\"name\":\"Clinique Entre-Nous\",\"description\":\"\",\"publisher\":{\"@id\":\"https:\/\/cliniqueentre-nous.ca\/en\/#organization\"},\"potentialAction\":[{\"@type\":\"SearchAction\",\"target\":{\"@type\":\"EntryPoint\",\"urlTemplate\":\"https:\/\/cliniqueentre-nous.ca\/en\/?s={search_term_string}\"},\"query-input\":{\"@type\":\"PropertyValueSpecification\",\"valueRequired\":true,\"valueName\":\"search_term_string\"}}],\"inLanguage\":\"en-US\"},{\"@type\":\"Organization\",\"@id\":\"https:\/\/cliniqueentre-nous.ca\/en\/#organization\",\"name\":\"Clinique Entre-Nous\",\"url\":\"https:\/\/cliniqueentre-nous.ca\/en\/\",\"logo\":{\"@type\":\"ImageObject\",\"inLanguage\":\"en-US\",\"@id\":\"https:\/\/cliniqueentre-nous.ca\/en\/#\/schema\/logo\/image\/\",\"url\":\"https:\/\/cliniqueentre-nous.ca\/wp-content\/uploads\/2020\/01\/Logo-horizon.png\",\"contentUrl\":\"https:\/\/cliniqueentre-nous.ca\/wp-content\/uploads\/2020\/01\/Logo-horizon.png\",\"width\":1500,\"height\":516,\"caption\":\"Clinique Entre-Nous\"},\"image\":{\"@id\":\"https:\/\/cliniqueentre-nous.ca\/en\/#\/schema\/logo\/image\/\"}}]}<\/script>\n<!-- \/ Yoast SEO Premium plugin. -->","yoast_head_json":{"title":"Home - Clinique Entre-Nous","robots":{"index":"index","follow":"follow","max-snippet":"max-snippet:-1","max-image-preview":"max-image-preview:large","max-video-preview":"max-video-preview:-1"},"canonical":"https:\/\/cliniqueentre-nous.ca\/en\/","og_locale":"en_US","og_type":"article","og_title":"Clinique Entre-nous - Home","og_description":"Fran\u00e7ais English Choose your clinic Saint-J\u00e9r\u00f4me 200 Durand Suite 212 Saint-J\u00e9r\u00f4me, QC J7Z 7E2 Our services Individual and family services Stimulation services Group workshops Services offered in schools, CPEs and RSGMFs Visit this clinic page Quebec 1173 boul. Charest Ouest, Qu\u00e9bec, Qu\u00e9bec, G1N 2C9Suite 250-4\/250-6\/250-7 Our services Psychoeducation Social intervention \/ Psychological support Special education [&hellip;]","og_url":"https:\/\/cliniqueentre-nous.ca\/en\/","og_site_name":"Clinique Entre-Nous","article_modified_time":"2026-01-15T18:16:51+00:00","og_image":[{"url":"https:\/\/cliniqueentre-nous.ca\/wp-content\/uploads\/2024\/08\/yoast-cen-facebook.webp","type":"","width":"","height":""}],"twitter_card":"summary_large_image","twitter_title":"Clinique Entre-nous - Home","schema":{"@context":"https:\/\/schema.org","@graph":[{"@type":"WebPage","@id":"https:\/\/cliniqueentre-nous.ca\/en\/","url":"https:\/\/cliniqueentre-nous.ca\/en\/","name":"Home - Clinique Entre-Nous","isPartOf":{"@id":"https:\/\/cliniqueentre-nous.ca\/en\/#website"},"primaryImageOfPage":{"@id":"https:\/\/cliniqueentre-nous.ca\/en\/#primaryimage"},"image":{"@id":"https:\/\/cliniqueentre-nous.ca\/en\/#primaryimage"},"thumbnailUrl":"https:\/\/cliniqueentre-nous.ca\/wp-content\/uploads\/2024\/08\/logo-facicon.webp","datePublished":"2023-09-26T16:16:30+00:00","dateModified":"2026-01-15T18:16:51+00:00","breadcrumb":{"@id":"https:\/\/cliniqueentre-nous.ca\/en\/#breadcrumb"},"inLanguage":"en-US","potentialAction":[{"@type":"ReadAction","target":["https:\/\/cliniqueentre-nous.ca\/en\/"]}]},{"@type":"ImageObject","inLanguage":"en-US","@id":"https:\/\/cliniqueentre-nous.ca\/en\/#primaryimage","url":"https:\/\/cliniqueentre-nous.ca\/wp-content\/uploads\/2024\/08\/logo-facicon.webp","contentUrl":"https:\/\/cliniqueentre-nous.ca\/wp-content\/uploads\/2024\/08\/logo-facicon.webp","width":2000,"height":2000},{"@type":"BreadcrumbList","@id":"https:\/\/cliniqueentre-nous.ca\/en\/#breadcrumb","itemListElement":[{"@type":"ListItem","position":1,"name":"Home","item":"https:\/\/cliniqueentre-nous.ca\/en\/home\/"},{"@type":"ListItem","position":2,"name":"Home"}]},{"@type":"WebSite","@id":"https:\/\/cliniqueentre-nous.ca\/en\/#website","url":"https:\/\/cliniqueentre-nous.ca\/en\/","name":"Clinique Entre-Nous","description":"","publisher":{"@id":"https:\/\/cliniqueentre-nous.ca\/en\/#organization"},"potentialAction":[{"@type":"SearchAction","target":{"@type":"EntryPoint","urlTemplate":"https:\/\/cliniqueentre-nous.ca\/en\/?s={search_term_string}"},"query-input":{"@type":"PropertyValueSpecification","valueRequired":true,"valueName":"search_term_string"}}],"inLanguage":"en-US"},{"@type":"Organization","@id":"https:\/\/cliniqueentre-nous.ca\/en\/#organization","name":"Clinique Entre-Nous","url":"https:\/\/cliniqueentre-nous.ca\/en\/","logo":{"@type":"ImageObject","inLanguage":"en-US","@id":"https:\/\/cliniqueentre-nous.ca\/en\/#\/schema\/logo\/image\/","url":"https:\/\/cliniqueentre-nous.ca\/wp-content\/uploads\/2020\/01\/Logo-horizon.png","contentUrl":"https:\/\/cliniqueentre-nous.ca\/wp-content\/uploads\/2020\/01\/Logo-horizon.png","width":1500,"height":516,"caption":"Clinique Entre-Nous"},"image":{"@id":"https:\/\/cliniqueentre-nous.ca\/en\/#\/schema\/logo\/image\/"}}]}},"_links":{"self":[{"href":"https:\/\/cliniqueentre-nous.ca\/en\/wp-json\/wp\/v2\/pages\/1466","targetHints":{"allow":["GET"]}}],"collection":[{"href":"https:\/\/cliniqueentre-nous.ca\/en\/wp-json\/wp\/v2\/pages"}],"about":[{"href":"https:\/\/cliniqueentre-nous.ca\/en\/wp-json\/wp\/v2\/types\/page"}],"author":[{"embeddable":true,"href":"https:\/\/cliniqueentre-nous.ca\/en\/wp-json\/wp\/v2\/users\/1"}],"replies":[{"embeddable":true,"href":"https:\/\/cliniqueentre-nous.ca\/en\/wp-json\/wp\/v2\/comments?post=1466"}],"version-history":[{"count":5,"href":"https:\/\/cliniqueentre-nous.ca\/en\/wp-json\/wp\/v2\/pages\/1466\/revisions"}],"predecessor-version":[{"id":1966,"href":"https:\/\/cliniqueentre-nous.ca\/en\/wp-json\/wp\/v2\/pages\/1466\/revisions\/1966"}],"wp:featuredmedia":[{"embeddable":true,"href":"https:\/\/cliniqueentre-nous.ca\/en\/wp-json\/wp\/v2\/media\/1771"}],"wp:attachment":[{"href":"https:\/\/cliniqueentre-nous.ca\/en\/wp-json\/wp\/v2\/media?parent=1466"}],"curies":[{"name":"wp","href":"https:\/\/api.w.org\/{rel}","templated":true}]}}